{"id":104,"date":"2014-01-29T16:15:56","date_gmt":"2014-01-29T16:15:56","guid":{"rendered":"http:\/\/www.alpesnet.org\/ustl\/?page_id=104"},"modified":"2017-05-31T14:45:27","modified_gmt":"2017-05-31T14:45:27","slug":"les-statuts","status":"publish","type":"page","link":"https:\/\/ustl-chambery.fr\/?page_id=104","title":{"rendered":"Les Statuts"},"content":{"rendered":"<p><strong><span style=\"font-size: small;\">\u00a0Statuts adopt\u00e9s par le Conseil d&rsquo;Administration le 17 juin 1991 et par vote de l&rsquo;Assembl\u00e9e G\u00e9n\u00e9rale du 19 d\u00e9cembre 1991.<\/span><\/strong><\/p>\n<ul>\n<li style=\"list-style-type: none;\">\n<ul>\n<li><span style=\"font-size: small;\"><b>Article 1<\/b><\/span><br \/>\n<span style=\"font-size: small;\"> &#8211; Il est cr\u00e9\u00e9 une association dite \u00ab\u00a0Universit\u00e9 Savoisienne du Temps\u00a0 Libre\u00a0\u00bb. Elle a son si\u00e8ge \u00e0 Chamb\u00e9ry, 27 rue Marcoz. Le si\u00e8ge pourra \u00eatre chang\u00e9 sur simple d\u00e9cision du Conseil d&rsquo;Administration.<\/span><\/li>\n<\/ul>\n<\/li>\n<\/ul>\n<ul>\n<li style=\"list-style-type: none;\">\n<ul>\n<li><span style=\"font-size: small;\"><b>Article 2<\/b><\/span><br \/>\n<span style=\"font-size: small;\"> &#8211; L&rsquo;Association a pour but d&rsquo;offrir \u00e0 toute personne, quel que soit son \u00e2ge et sans condition de dipl\u00f4me, la possibilit\u00e9 d&rsquo;acqu\u00e9rir et\/ou d&rsquo;\u00e9largir ses connaissances et sa culture dans les domaines les plus divers selon les objectifs et les priorit\u00e9s fix\u00e9es p\u00e9riodiquement par le Conseil d&rsquo;Administration.<\/span><br \/>\n<span style=\"font-size: small;\"> Les moyens de cette action sont :<\/span><br \/>\n<span style=\"font-size: small;\"> _ expos\u00e9s ou conf\u00e9rences pr\u00e9sent\u00e9s par des sp\u00e9cialistes<\/span><br \/>\n<span style=\"font-size: small;\"> _ visites, sorties, voyages pilot\u00e9s par des personnes comp\u00e9tentes<\/span><br \/>\n<span style=\"font-size: small;\"> _ toutes autres activit\u00e9s \u00e0 caract\u00e8re culturel propos\u00e9es par les Conseil d&rsquo;Administration ou l&rsquo;Assembl\u00e9e G\u00e9n\u00e9rale.<\/span><br \/>\n<span style=\"font-size: small;\"> Une Convention est, \u00e0 ces fins, formellement pass\u00e9e avec l&rsquo;\u00e9tablissement public qu&rsquo;est l&rsquo;Universit\u00e9 de Savoie \u00e0 Chamb\u00e9ry.<\/span><\/li>\n<\/ul>\n<\/li>\n<\/ul>\n<ul>\n<li style=\"list-style-type: none;\">\n<ul>\n<li><span style=\"font-size: small;\"><b>Article 3<\/b><\/span><br \/>\n<span style=\"font-size: small;\"> &#8211; Des antennes d\u00e9centralis\u00e9es de l&rsquo;Association pourront \u00eatre cr\u00e9\u00e9es sur d\u00e9cision du Conseil d&rsquo;administration dans le d\u00e9partement de la Savoie en fonction des besoins qui se manifesteront; le fonctionnement de ces antennes sera fix\u00e9 par le R\u00e8glement Int\u00e9rieur.<\/span><\/li>\n<\/ul>\n<\/li>\n<\/ul>\n<ul>\n<li style=\"list-style-type: none;\">\n<ul>\n<li><span style=\"font-size: small;\"><b>Article 4<\/b><\/span><br \/>\n<span style=\"font-size: small;\"> &#8211; Les membres de l&rsquo;Association sont des personnes physiques en r\u00e8gle du versement d&rsquo;une cotisation dont le montant est fix\u00e9 chaque ann\u00e9e en Assembl\u00e9e G\u00e9n\u00e9rale sur proposition du Conseil d&rsquo;Administration.<\/span><\/li>\n<\/ul>\n<\/li>\n<\/ul>\n<ul>\n<li style=\"list-style-type: none;\">\n<ul>\n<li><span style=\"font-size: small;\"><b>Article 5<\/b><\/span><br \/>\n<span style=\"font-size: small;\"> &#8211; L&rsquo;Association est g\u00e9r\u00e9e par un Conseil d&rsquo;Administration compos\u00e9 d&rsquo;un minimum de quatorze membres \u00e9lus par l&rsquo;Assembl\u00e9e G\u00e9n\u00e9rale pour trois ans; parmi ces membres \u00e9lus devront figurer deux repr\u00e9sentants de chacune des antennes \u00e9ventuellement cr\u00e9\u00e9es. Outre ces membres \u00e9lus le Conseil d&rsquo;Administration comprend des membres de droit, \u00e0 savoir :<\/span><br \/>\n<span style=\"font-size: small;\"> _ deux repr\u00e9sentants de l&rsquo;Universit\u00e9 de Savoie dont le pr\u00e9sident (ou son repr\u00e9sentant)<\/span><br \/>\n<span style=\"font-size: small;\"> _ un repr\u00e9sentant du Conseil G\u00e9n\u00e9ral de la Savoie<\/span><br \/>\n<span style=\"font-size: small;\"> _ le Maire de Chamb\u00e9ry (ou son repr\u00e9sentant)<\/span><br \/>\n<span style=\"font-size: small;\"> _ \u00e9ventuellement les maires de communes si\u00e8ges des antennes (ou leur repr\u00e9sentant)<\/span><br \/>\n<span style=\"font-size: small;\"> D&rsquo;autres membres pourront \u00eatre coopt\u00e9s par d\u00e9cision du Conseil d&rsquo;Administration.<\/span><\/li>\n<\/ul>\n<\/li>\n<\/ul>\n<ul>\n<li style=\"list-style-type: none;\">\n<ul>\n<li><span style=\"font-size: small;\"><b>Article 6<\/b> &#8211; Les mandats des membres du Conseil d&rsquo;Administration et du Bureau sont renouvelables.<\/span><\/li>\n<\/ul>\n<\/li>\n<\/ul>\n<ul>\n<li style=\"list-style-type: none;\">\n<ul>\n<li><span style=\"font-size: small;\"><b>Article 7<\/b> &#8211; Le Conseil d&rsquo;Administration \u00e9lit en son sein un Bureau pour une dur\u00e9e de trois ans et comprend au moins :<\/span><br \/>\n<span style=\"font-size: small;\"> _ un pr\u00e9sident<\/span><br \/>\n<span style=\"font-size: small;\"> _ un ou plusieurs vice-pr\u00e9sident(s)<\/span><br \/>\n<span style=\"font-size: small;\"> _ un secr\u00e9taire<\/span><br \/>\n<span style=\"font-size: small;\"> _ un secr\u00e9taire adjoint<\/span><br \/>\n<span style=\"font-size: small;\"> _ un tr\u00e9sorier<\/span><br \/>\n<span style=\"font-size: small;\"> _ un tr\u00e9sorier adjoint<\/span><br \/>\n<span style=\"font-size: small;\"> Le Bureau se r\u00e9unit au moins une fois par trimestre et toutes les fois que le pr\u00e9sident l&rsquo;estimera utile.<\/span><\/li>\n<\/ul>\n<\/li>\n<\/ul>\n<ul>\n<li style=\"list-style-type: none;\">\n<ul>\n<li><span style=\"font-size: small;\"><b>Article 8<\/b><\/span><br \/>\n<span style=\"font-size: small;\"> &#8211; Le Conseil d&rsquo;Administration se r\u00e9unit au moins une fois l&rsquo;an sur convocation du pr\u00e9sident et toutes les fois que ce dernier le juge n\u00e9cessaire ou \u00e0 la demande des deux tiers des membres. Les d\u00e9cisions sont prises \u00e0 la majorit\u00e9 des suffrages exprim\u00e9s, les bulletins blancs ou nuls n&rsquo;\u00e9tant pas pris en compte. Il est tenu proc\u00e8s-verbal des r\u00e9unions.<\/span><\/li>\n<\/ul>\n<\/li>\n<\/ul>\n<ul>\n<li style=\"list-style-type: none;\">\n<ul>\n<li><span style=\"font-size: small;\"><b>Article 9 <\/b>&#8211;<\/span><br \/>\n<span style=\"font-size: small;\"> L&rsquo;Assembl\u00e9e G\u00e9n\u00e9rale se r\u00e9unit une fois par an sur convocation du pr\u00e9sident. L&rsquo;ordre du jour comporte obligatoirement le compte de gestion et le rapport d&rsquo;activit\u00e9s. L&rsquo;Assembl\u00e9e G\u00e9n\u00e9rale peut \u00eatre convoqu\u00e9e en r\u00e9union extraordinaire par le pr\u00e9sident ou \u00e0 la demande des deux tiers des membres de l&rsquo;association.<\/span><\/li>\n<\/ul>\n<\/li>\n<\/ul>\n<ul>\n<li style=\"list-style-type: none;\">\n<ul>\n<li><span style=\"font-size: small;\"><b>Article 10<\/b> &#8211; Le r\u00e8glement int\u00e9rieur est pr\u00e9par\u00e9 par le Conseil d&rsquo;Administration et adopt\u00e9 par l&rsquo;Assembl\u00e9e G\u00e9n\u00e9rale.<\/span><\/li>\n<\/ul>\n<\/li>\n<\/ul>\n<ul>\n<li style=\"list-style-type: none;\">\n<ul>\n<li><span style=\"font-size: small;\"><b>Article 11<\/b><\/span><br \/>\n<span style=\"font-size: small;\"> &#8211; Le pr\u00e9sident repr\u00e9sente l&rsquo;association dans les actes de la vie civile, il peut d\u00e9l\u00e9guer tout ou partie de ses pouvoirs \u00e0 un vice-pr\u00e9sident ou \u00e0 un autre membre du Bureau.<\/span><\/li>\n<\/ul>\n<\/li>\n<\/ul>\n<ul>\n<li style=\"list-style-type: none;\">\n<ul>\n<li><span style=\"font-size: small;\"><b>Article 12<\/b> &#8211; Les ressources de l&rsquo;association se composent :<\/span><br \/>\n<span style=\"font-size: small;\"> _ des cotisations<\/span><br \/>\n<span style=\"font-size: small;\"> _ de subventions diverses<\/span><br \/>\n<span style=\"font-size: small;\"> _ de recettes exceptionnelles avec, s&rsquo;il y a lieu, les autorisations des autorit\u00e9s comp\u00e9tentes<\/span><br \/>\n<span style=\"font-size: small;\"> _ de toutes ressources autoris\u00e9es par la Loi.<\/span><\/li>\n<\/ul>\n<\/li>\n<\/ul>\n<ul>\n<li style=\"list-style-type: none;\">\n<ul>\n<li><span style=\"font-size: small;\"><b>Article 13<\/b><\/span><br \/>\n<span style=\"font-size: small;\"> &#8211; Les statuts peuvent \u00eatre modifi\u00e9s par l&rsquo;Assembl\u00e9e G\u00e9n\u00e9rale \u00e0 condition que les modifications propos\u00e9es par le Conseil d&rsquo;Administration soient communiqu\u00e9es aux membres au moins quinze jours auparavant.<\/span><\/li>\n<\/ul>\n<\/li>\n<\/ul>\n<ul>\n<li style=\"list-style-type: none;\">\n<ul>\n<li><span style=\"font-size: small;\"><b>Article 14<\/b><\/span><br \/>\n<span style=\"font-size: small;\"> &#8211; La dissolution de l&rsquo;Association ne peut \u00eatre prononc\u00e9e que par une Assembl\u00e9e G\u00e9n\u00e9rale extraordinaire convoqu\u00e9e. La proc\u00e9dure de dissolution se fait conform\u00e9ment aux dispositions pr\u00e9vues par les lois et r\u00e8glements en vigueur.<\/span><\/li>\n<\/ul>\n<\/li>\n<\/ul>\n<p><strong>[maxbutton id=\u00a0\u00bb17&Prime;]<\/strong><\/p>\n<p>&nbsp;<\/p>\n","protected":false},"excerpt":{"rendered":"<p>\u00a0Statuts adopt\u00e9s par le Conseil d&rsquo;Administration le 17 juin 1991 et par vote de l&rsquo;Assembl\u00e9e G\u00e9n\u00e9rale du 19 d\u00e9cembre 1991. Article 1 &#8211; Il est cr\u00e9\u00e9 une association dite \u00ab\u00a0Universit\u00e9 Savoisienne du Temps\u00a0 Libre\u00a0\u00bb. Elle a son si\u00e8ge \u00e0 Chamb\u00e9ry, 27 rue Marcoz. Le si\u00e8ge pourra \u00eatre chang\u00e9 sur simple d\u00e9cision du Conseil d&rsquo;Administration. Article &hellip; <\/p>\n<p class=\"link-more\"><a href=\"https:\/\/ustl-chambery.fr\/?page_id=104\" class=\"more-link\">Continuer la lecture<span class=\"screen-reader-text\"> de &laquo;&nbsp;Les Statuts&nbsp;&raquo;<\/span><\/a><\/p>\n","protected":false},"author":1,"featured_media":897,"parent":39,"menu_order":0,"comment_status":"closed","ping_status":"closed","template":"","meta":[],"_links":{"self":[{"href":"https:\/\/ustl-chambery.fr\/index.php?rest_route=\/wp\/v2\/pages\/104"}],"collection":[{"href":"https:\/\/ustl-chambery.fr\/index.php?rest_route=\/wp\/v2\/pages"}],"about":[{"href":"https:\/\/ustl-chambery.fr\/index.php?rest_route=\/wp\/v2\/types\/page"}],"author":[{"embeddable":true,"href":"https:\/\/ustl-chambery.fr\/index.php?rest_route=\/wp\/v2\/users\/1"}],"replies":[{"embeddable":true,"href":"https:\/\/ustl-chambery.fr\/index.php?rest_route=%2Fwp%2Fv2%2Fcomments&post=104"}],"version-history":[{"count":22,"href":"https:\/\/ustl-chambery.fr\/index.php?rest_route=\/wp\/v2\/pages\/104\/revisions"}],"predecessor-version":[{"id":895,"href":"https:\/\/ustl-chambery.fr\/index.php?rest_route=\/wp\/v2\/pages\/104\/revisions\/895"}],"up":[{"embeddable":true,"href":"https:\/\/ustl-chambery.fr\/index.php?rest_route=\/wp\/v2\/pages\/39"}],"wp:featuredmedia":[{"embeddable":true,"href":"https:\/\/ustl-chambery.fr\/index.php?rest_route=\/wp\/v2\/media\/897"}],"wp:attachment":[{"href":"https:\/\/ustl-chambery.fr\/index.php?rest_route=%2Fwp%2Fv2%2Fmedia&parent=104"}],"curies":[{"name":"wp","href":"https:\/\/api.w.org\/{rel}","templated":true}]}}