{"id":21,"date":"2014-01-23T15:17:13","date_gmt":"2014-01-23T15:17:13","guid":{"rendered":"http:\/\/www.alpesnet.org\/ustl\/?page_id=21"},"modified":"2025-08-26T07:29:54","modified_gmt":"2025-08-26T07:29:54","slug":"cours","status":"publish","type":"page","link":"https:\/\/ustl-chambery.fr\/?page_id=21","title":{"rendered":"Cours"},"content":{"rendered":"<p><a href=\"http:\/\/ustl-chambery.fr\/?page_id=1200\">G\u00e9ologie (Approfondissement)<\/a><\/p>\n<p><a href=\"http:\/\/ustl-chambery.fr\/?page_id=1431\">G\u00e9ologie initiation<\/a><\/p>\n<p><a href=\"http:\/\/ustl-chambery.fr\/?page_id=1292\">Atelier d&rsquo;Ecriture Cr\u00e9ative<\/a><\/p>\n<p><a href=\"http:\/\/ustl-chambery.fr\/?page_id=137\">Philosophie<\/a><\/p>\n<p><a href=\"http:\/\/ustl-chambery.fr\/?page_id=140\">Sciences de la vie<\/a><\/p>\n<p><a href=\"http:\/\/ustl-chambery.fr\/?page_id=128\">Histoire (pal\u00e9ographie)<\/a><\/p>\n<p><a href=\"http:\/\/ustl-chambery.fr\/?page_id=860\">G\u00e9opolitique<\/a><\/p>\n<p><a href=\"http:\/\/ustl-chambery.fr\/?page_id=135\">Litt\u00e9rature<\/a><\/p>\n<p><a href=\"http:\/\/ustl-chambery.fr\/?page_id=130\">Informatique<\/a><\/p>\n<p><a href=\"http:\/\/ustl-chambery.fr\/?page_id=1495\">Atelier Psycho<\/a><\/p>\n<p><a href=\"http:\/\/ustl-chambery.fr\/?page_id=1203\">G\u00e9n\u00e9alogie<\/a><\/p>\n<p><a href=\"http:\/\/ustl-chambery.fr\/?page_id=1662\">Histoire de la Savoie<\/a><\/p>\n<p><a href=\"http:\/\/ustl-chambery.fr\/?page_id=2371\">Histoire de l\u2019alimentation et de la gastronomie<\/a><\/p>\n<p><a href=\"https:\/\/ustl-chambery.fr\/?page_id=2518\">Egyptologie<\/a><\/p>\n<p><a href=\"https:\/\/ustl-chambery.fr\/?page_id=2514\">Atelier hi\u00e9roglyphes<\/a><\/p>\n","protected":false},"excerpt":{"rendered":"<p>G\u00e9ologie (Approfondissement) G\u00e9ologie initiation Atelier d&rsquo;Ecriture Cr\u00e9ative Philosophie Sciences de la vie Histoire (pal\u00e9ographie) G\u00e9opolitique Litt\u00e9rature Informatique Atelier Psycho G\u00e9n\u00e9alogie Histoire de la Savoie Histoire de l\u2019alimentation et de la gastronomie Egyptologie Atelier hi\u00e9roglyphes<\/p>\n","protected":false},"author":1,"featured_media":0,"parent":0,"menu_order":0,"comment_status":"closed","ping_status":"closed","template":"","meta":[],"_links":{"self":[{"href":"https:\/\/ustl-chambery.fr\/index.php?rest_route=\/wp\/v2\/pages\/21"}],"collection":[{"href":"https:\/\/ustl-chambery.fr\/index.php?rest_route=\/wp\/v2\/pages"}],"about":[{"href":"https:\/\/ustl-chambery.fr\/index.php?rest_route=\/wp\/v2\/types\/page"}],"author":[{"embeddable":true,"href":"https:\/\/ustl-chambery.fr\/index.php?rest_route=\/wp\/v2\/users\/1"}],"replies":[{"embeddable":true,"href":"https:\/\/ustl-chambery.fr\/index.php?rest_route=%2Fwp%2Fv2%2Fcomments&post=21"}],"version-history":[{"count":82,"href":"https:\/\/ustl-chambery.fr\/index.php?rest_route=\/wp\/v2\/pages\/21\/revisions"}],"predecessor-version":[{"id":2803,"href":"https:\/\/ustl-chambery.fr\/index.php?rest_route=\/wp\/v2\/pages\/21\/revisions\/2803"}],"wp:attachment":[{"href":"https:\/\/ustl-chambery.fr\/index.php?rest_route=%2Fwp%2Fv2%2Fmedia&parent=21"}],"curies":[{"name":"wp","href":"https:\/\/api.w.org\/{rel}","templated":true}]}}