{"id":27,"date":"2014-01-23T15:17:35","date_gmt":"2014-01-23T15:17:35","guid":{"rendered":"http:\/\/www.alpesnet.org\/ustl\/?page_id=27"},"modified":"2026-02-05T14:47:40","modified_gmt":"2026-02-05T14:47:40","slug":"contact","status":"publish","type":"page","link":"https:\/\/ustl-chambery.fr\/?page_id=27","title":{"rendered":"Contact"},"content":{"rendered":"<h4 style=\"text-align: center;\"><strong><span style=\"color: #ff0000;\">L&rsquo;adh\u00e9sion est obligatoire pour participer aux activit\u00e9s propos\u00e9es par l&rsquo;USTL<br \/>\n(conf\u00e9rences, cours, sorties, voyages).<\/span><\/strong><\/h4>\n<p style=\"text-align: center;\">(voir d\u00e9tail dans la rubrique \u00ab\u00a0Adh\u00e9sion\u00a0\u00bb)<\/p>\n<p style=\"text-align: center;\">&#8212;&#8212;&#8212;&#8212;&#8212;&#8212;&#8212;&#8212;&#8212;&#8212;&#8212;&#8212;&#8212;&#8212;&#8212;&#8212;&#8212;&#8212;&#8212;&#8212;&#8212;&#8212;&#8212;&#8212;&#8212;&#8212;&#8212;&#8212;&#8212;&#8212;&#8212;&#8212;&#8212;&#8212;&#8212;-<\/p>\n<p><strong>Courriel<\/strong>&nbsp; :&nbsp; <strong><span style=\"color: #0000ff;\">secretariat@ustl-chambery.fr<\/span><\/strong><\/p>\n<hr>\n<p><u><strong>Courrier :<br \/>\n<\/strong><\/u>A poster \u00e0 l&rsquo;adresse suivante :<br \/>\nUniversit\u00e9 Savoisienne du Temps Libre (USTL)&nbsp; &#8211;<br \/>\n27 rue Marcoz &#8211; 73000 CHAMBERY<\/p>\n<p>ou \u00e0 d\u00e9poser \u00e0 l&rsquo;accueil de l&rsquo;Universit\u00e9 Savoie Mont-Blanc &#8211;<br \/>\n27 rue Marcoz \u00e0 Chamb\u00e9ry<br \/>\n(ferm\u00e9 entre 12 h et 13 h &#8211; pas de bo\u00eete aux lettres ext\u00e9rieure)<\/p>\n<p>&#8212;&#8212;&#8212;&#8212;&#8212;&#8212;&#8212;&#8212;&#8212;&#8212;&#8212;&#8212;&#8212;&#8212;&#8212;&#8212;&#8212;&#8212;&#8212;&#8212;&#8212;&#8212;&#8212;&#8212;&#8212;&#8212;&#8212;&#8212;&#8212;&#8212;&#8212;&#8212;&#8212;&#8212;&#8212;&#8212;-<\/p>\n<p><strong><u>Fonctionnement de l\u2019USTL <\/u><\/strong><\/p>\n<p><strong>&nbsp;<\/strong><strong style=\"font-size: 1rem;\">Les demandes d\u2019adh\u00e9sion, ainsi que les inscriptions aux cours, se font <u>obligatoirement par<\/u><\/strong><u style=\"font-size: 1rem;\"> <strong>courrier<\/strong><\/u><span style=\"font-size: 1rem;\"> (envoi postal ou d\u00e9p\u00f4t \u00e0 l\u2019accueil de l\u2019Universit\u00e9 &#8211; <\/span>27 rue Marcoz) avec une enveloppe timbr\u00e9e pour le renvoi de la carte d\u2019adh\u00e9rent.<\/p>\n<ul>\n<li><strong>A compter du mois d&rsquo;octobre jusqu&rsquo;au mois de juin, une permanence a lieu<br \/>\nle 1<sup>er<\/sup> mercredi de chaque mois, de 14 h \u00e0 15 h 30, <u>exclusivement<\/u> consacr\u00e9e \u00e0 fournir des renseignements&nbsp; <\/strong>(27 rue Marcoz &#8211; Hors vacances universitaires) &#8211;<\/li>\n<\/ul>\n<p style=\"text-align: center;\"><span style=\"color: #ff0000;\"><strong>PAS DE PERMANENCE LE MERCREDI 6 MAI 2026<\/strong><\/span><\/p>\n","protected":false},"excerpt":{"rendered":"<p>L&rsquo;adh\u00e9sion est obligatoire pour participer aux activit\u00e9s propos\u00e9es par l&rsquo;USTL (conf\u00e9rences, cours, sorties, voyages). (voir d\u00e9tail dans la rubrique \u00ab\u00a0Adh\u00e9sion\u00a0\u00bb) &#8212;&#8212;&#8212;&#8212;&#8212;&#8212;&#8212;&#8212;&#8212;&#8212;&#8212;&#8212;&#8212;&#8212;&#8212;&#8212;&#8212;&#8212;&#8212;&#8212;&#8212;&#8212;&#8212;&#8212;&#8212;&#8212;&#8212;&#8212;&#8212;&#8212;&#8212;&#8212;&#8212;&#8212;&#8212;- Courriel&nbsp; :&nbsp; secretariat@ustl-chambery.fr Courrier : A poster \u00e0 l&rsquo;adresse suivante : Universit\u00e9 Savoisienne du Temps Libre (USTL)&nbsp; &#8211; 27 rue Marcoz &#8211; 73000 CHAMBERY ou \u00e0 d\u00e9poser \u00e0 l&rsquo;accueil de l&rsquo;Universit\u00e9 Savoie Mont-Blanc &#8211; &hellip; <\/p>\n<p class=\"link-more\"><a href=\"https:\/\/ustl-chambery.fr\/?page_id=27\" class=\"more-link\">Continuer la lecture<span class=\"screen-reader-text\"> de &laquo;&nbsp;Contact&nbsp;&raquo;<\/span><\/a><\/p>\n","protected":false},"author":1,"featured_media":0,"parent":0,"menu_order":0,"comment_status":"closed","ping_status":"closed","template":"","meta":[],"_links":{"self":[{"href":"https:\/\/ustl-chambery.fr\/index.php?rest_route=\/wp\/v2\/pages\/27"}],"collection":[{"href":"https:\/\/ustl-chambery.fr\/index.php?rest_route=\/wp\/v2\/pages"}],"about":[{"href":"https:\/\/ustl-chambery.fr\/index.php?rest_route=\/wp\/v2\/types\/page"}],"author":[{"embeddable":true,"href":"https:\/\/ustl-chambery.fr\/index.php?rest_route=\/wp\/v2\/users\/1"}],"replies":[{"embeddable":true,"href":"https:\/\/ustl-chambery.fr\/index.php?rest_route=%2Fwp%2Fv2%2Fcomments&post=27"}],"version-history":[{"count":57,"href":"https:\/\/ustl-chambery.fr\/index.php?rest_route=\/wp\/v2\/pages\/27\/revisions"}],"predecessor-version":[{"id":2822,"href":"https:\/\/ustl-chambery.fr\/index.php?rest_route=\/wp\/v2\/pages\/27\/revisions\/2822"}],"wp:attachment":[{"href":"https:\/\/ustl-chambery.fr\/index.php?rest_route=%2Fwp%2Fv2%2Fmedia&parent=27"}],"curies":[{"name":"wp","href":"https:\/\/api.w.org\/{rel}","templated":true}]}}