{"id":39,"date":"2014-01-25T18:15:41","date_gmt":"2014-01-25T18:15:41","guid":{"rendered":"http:\/\/www.alpesnet.org\/ustl\/?page_id=39"},"modified":"2025-04-14T18:06:34","modified_gmt":"2025-04-14T18:06:34","slug":"a-propos","status":"publish","type":"page","link":"https:\/\/ustl-chambery.fr\/","title":{"rendered":"Accueil"},"content":{"rendered":"<p style=\"text-align: center;\"><img loading=\"lazy\" class=\"size-full wp-image-897 aligncenter\" src=\"http:\/\/ustl-chambery.fr\/wp-content\/uploads\/2014\/01\/Logo-USTL.jpg\" alt=\"\" width=\"380\" height=\"259\" srcset=\"https:\/\/ustl-chambery.fr\/wp-content\/uploads\/2014\/01\/Logo-USTL.jpg 380w, https:\/\/ustl-chambery.fr\/wp-content\/uploads\/2014\/01\/Logo-USTL-300x204.jpg 300w\" sizes=\"(max-width: 380px) 100vw, 380px\" \/><strong>UNIVERSITE SAVOISIENNE DU TEMPS LIBRE<\/strong><br \/>\n<strong>27 Rue Marcoz &#8211; 73000 CHAMBERY<\/strong><\/p>\n<p>L&rsquo;Universit\u00e9 Savoisienne du Temps Libre (USTL) est une association ouverte \u00e0 tous.\u00a0 Elle offre la possibilit\u00e9 d&rsquo;acqu\u00e9rir et\/ou d&rsquo;\u00e9largir ses connaissances et sa culture. Diff\u00e9rentes activit\u00e9s sont propos\u00e9es avec une approche adapt\u00e9e \u00e0 son public : conf\u00e9rences, cours, deux sorties et un voyage par an.<\/p>\n<p>A cet \u00e9gard, l&rsquo;USTL s&rsquo;inscrit dans le contexte de la vie culturelle de Chamb\u00e9ry et de la Savoie. Son objectif n&rsquo;est pas de concurrencer les autres \u00e9l\u00e9ments du dispositif associatif mais d&rsquo;\u00eatre compl\u00e9mentaire.<br \/>\nTr\u00e8s attach\u00e9e \u00e0 cette conception de son r\u00f4le de formation permanente, l&rsquo;association compte plus de 500 adh\u00e9rents.<\/p>\n<p>L&rsquo;Universit\u00e9 Savoisienne du Temps Libre (USTL) est une association r\u00e9gie par la loi de 1901.\u00a0 Le\u00a0\u00a0 professeur Jacques LOVIE l&rsquo;a cr\u00e9\u00e9e en 1976.<br \/>\nL&rsquo;une des caract\u00e9ristiques importantes de l&rsquo;USTL est de disposer d&rsquo;une convention administrative avec l&rsquo;Universit\u00e9 Savoie Mont Blanc depuis 1977. Cette convention contribue \u00e0 garantir la qualit\u00e9 des prestataires ext\u00e9rieurs. De plus, elle permet aux adh\u00e9rents de b\u00e9n\u00e9ficier de conditions particuli\u00e8res pour assister aux enseignements de niveau universitaire dans les divers cycles sp\u00e9cialis\u00e9s, \u00e0 titre d&rsquo;auditeur libre.<\/p>\n<p>L&rsquo;USTL est g\u00e9r\u00e9e par un conseil d&rsquo;administration. Il est compos\u00e9 de d\u00e9l\u00e9gu\u00e9s des collectivit\u00e9s locales, des membres \u00e9lus par l&rsquo;Assembl\u00e9e G\u00e9n\u00e9rale et de deux repr\u00e9sentants de l&rsquo;Universit\u00e9 Savoie Mont Blanc.<br \/>\nLe Conseil\u00a0D\u00e9partemental de la Savoie et les villes de Chamb\u00e9ry et d&rsquo;Aix-les-Bains jouent un r\u00f4le important aupr\u00e8s de l&rsquo;association. En effet, ils lui apportent chacun leur appui moral et leur soutien financier.<br \/>\nLe Conseil Savoie Mont Blanc apporte \u00e9galement un soutien financier.<\/p>\n<p>Le Bureau, \u00e9lu pour 3 ans le 30 janvier 2025<i><span style=\"background-color: #ffffff;\">,<\/span> <\/i>est ainsi compos\u00e9 :<\/p>\n<div>Pr\u00e9sident : Christian GUILLER\u00c9<\/div>\n<div>Vice-Pr\u00e9sidents :\u00a0 Eric BRUNAT, <span style=\"display: inline !important; float: none; background-color: transparent; color: #333333; cursor: text; font-family: 'Libre Franklin','Helvetica Neue',helvetica,arial,sans-serif; font-size: 16px; font-style: normal; font-variant: normal; font-weight: 400; letter-spacing: normal; orphans: 2; text-align: left; text-decoration: none; text-indent: 0px; text-transform: none; -webkit-text-stroke-width: 0px; white-space: normal; word-spacing: 0px;\">Pierre FAIVRE<\/span><\/div>\n<div>Tr\u00e9sorier\u00a0: Claude GAUFILLET<\/div>\n<div>Secr\u00e9taire\u00a0: Andr\u00e9e ARLAUD<\/div>\n<div>Secr\u00e9taire adjointe : Isabelle BOISSARD<\/div>\n<div><\/div>\n<div><strong>[maxbutton id=\u00a0\u00bb8&Prime;]<\/strong><\/div>\n","protected":false},"excerpt":{"rendered":"<p>UNIVERSITE SAVOISIENNE DU TEMPS LIBRE 27 Rue Marcoz &#8211; 73000 CHAMBERY L&rsquo;Universit\u00e9 Savoisienne du Temps Libre (USTL) est une association ouverte \u00e0 tous.\u00a0 Elle offre la possibilit\u00e9 d&rsquo;acqu\u00e9rir et\/ou d&rsquo;\u00e9largir ses connaissances et sa culture. Diff\u00e9rentes activit\u00e9s sont propos\u00e9es avec une approche adapt\u00e9e \u00e0 son public : conf\u00e9rences, cours, deux sorties et un voyage par &hellip; <\/p>\n<p class=\"link-more\"><a href=\"https:\/\/ustl-chambery.fr\/\" class=\"more-link\">Continuer la lecture<span class=\"screen-reader-text\"> de &laquo;&nbsp;Accueil&nbsp;&raquo;<\/span><\/a><\/p>\n","protected":false},"author":1,"featured_media":0,"parent":0,"menu_order":0,"comment_status":"closed","ping_status":"closed","template":"","meta":[],"_links":{"self":[{"href":"https:\/\/ustl-chambery.fr\/index.php?rest_route=\/wp\/v2\/pages\/39"}],"collection":[{"href":"https:\/\/ustl-chambery.fr\/index.php?rest_route=\/wp\/v2\/pages"}],"about":[{"href":"https:\/\/ustl-chambery.fr\/index.php?rest_route=\/wp\/v2\/types\/page"}],"author":[{"embeddable":true,"href":"https:\/\/ustl-chambery.fr\/index.php?rest_route=\/wp\/v2\/users\/1"}],"replies":[{"embeddable":true,"href":"https:\/\/ustl-chambery.fr\/index.php?rest_route=%2Fwp%2Fv2%2Fcomments&post=39"}],"version-history":[{"count":55,"href":"https:\/\/ustl-chambery.fr\/index.php?rest_route=\/wp\/v2\/pages\/39\/revisions"}],"predecessor-version":[{"id":2694,"href":"https:\/\/ustl-chambery.fr\/index.php?rest_route=\/wp\/v2\/pages\/39\/revisions\/2694"}],"wp:attachment":[{"href":"https:\/\/ustl-chambery.fr\/index.php?rest_route=%2Fwp%2Fv2%2Fmedia&parent=39"}],"curies":[{"name":"wp","href":"https:\/\/api.w.org\/{rel}","templated":true}]}}