{"id":839,"date":"2017-05-04T07:53:50","date_gmt":"2017-05-04T07:53:50","guid":{"rendered":"http:\/\/ustl-chambery.fr\/?page_id=839"},"modified":"2026-03-08T14:05:57","modified_gmt":"2026-03-08T14:05:57","slug":"bulletin-dadhesion","status":"publish","type":"page","link":"https:\/\/ustl-chambery.fr\/?page_id=839","title":{"rendered":"Bulletin d&rsquo;adh\u00e9sion"},"content":{"rendered":"<p><strong><span style=\"color: #ff0000;\">L&rsquo;adh\u00e9sion est obligatoire pour participer aux diff\u00e9rentes activit\u00e9s propos\u00e9es par l&rsquo;USTL (conf\u00e9rences, cours, sorties, voyages).<\/span><\/strong><\/p>\n<p><span style=\"color: #0000ff;\">Elle vous permet d&rsquo;assister gratuitement aux conf\u00e9rences du jeudi apr\u00e8s-midi (de 14 h 30 \u00e0 16 h), sans r\u00e9servation pr\u00e9alable. La carte d&rsquo;adh\u00e9rent devra \u00eatre pr\u00e9sent\u00e9e \u00e0 l&rsquo;entr\u00e9e.<\/span><\/p>\n<p><span style=\"color: #0000ff;\">Les autres activit\u00e9s font l&rsquo;objet d&rsquo;une participation financi\u00e8re et les inscriptions sont enregistr\u00e9es par ordre de r\u00e9ception des r\u00e8glements.<\/span><\/p>\n<p><span style=\"color: #0000ff;\">Les programmes des conf\u00e9rences et des cours sont \u00e9tablis trimestre par trimestre.<\/span><\/p>\n<p><strong><span style=\"color: #000000;\">Nous vous remercions de <span style=\"font-size: 1rem;\">t\u00e9l\u00e9charger le bulletin d&rsquo;adh\u00e9sion ci-dessous et de nous le faire parvenir avec votre r\u00e8glement, accompagn\u00e9 d&rsquo;une enveloppe timbr\u00e9e \u00e0 votre adresse pour le renvoi de la carte d&rsquo;adh\u00e9rent.<br \/><\/span><\/span><\/strong><\/p>\n<p><span style=\"color: #993366;\">Pour information<\/span> :\u00a0<br \/><span style=\"color: #800080;\">L&rsquo;adh\u00e9sion \u00e0 l&rsquo;USTL vous permet d\u2019\u00eatre exon\u00e9r\u00e9 des droits d\u2019inscription de 230 \u20ac pour assister aux cours de l&rsquo;Universit\u00e9 Savoie Mont-Blanc (USMB), \u00e0 titre d&rsquo;auditeur libre.<\/span><\/p>\n<p>Le formulaire \u00ab DEMANDE D\u2019INSCRIPTION STATUT AUDITEUR LIBRE \u00bb\u00a0 est disponible sur le site de l\u2019universit\u00e9 Savoie Mont-Blanc :\u00a0<br \/><a href=\"https:\/\/www.univ-smb.fr\/formation\/inscription-candidature\/inscription-par-profils\/auditeurs-libres\/\">https:\/\/www.univ-smb.fr\/formation\/inscription-candidature\/inscription-par-profils\/auditeurs-libres\/<\/a><\/p>\n<p><em>\u00a0Le catalogue de l\u2019offre de formation de l\u2019Universit\u00e9 Savoie Mont-Blanc est accessible \u00e0 partir du lien suivant : <\/em><a href=\"https:\/\/formations.univ-smb.fr\/fr\/index.html\">https:\/\/formations.univ-smb.fr\/fr\/index.html<\/a><\/p>\n<p><span style=\"color: #800080;\"><span style=\"font-family: Arial, Helvetica, sans-serif;\">Pour toute information compl\u00e9mentaire concernant l&rsquo;inscription \u00ab\u00a0auditeur libre\u00a0\u00bb, vous devez vous adresser \u00e0 l&rsquo;Universit\u00e9 Savoie Mont-Blanc (USMB), l&rsquo;USTL n&rsquo;intervenant pas dans cette d\u00e9marche : <\/span><a style=\"color: #800080;\" href=\"http:\/\/www.univ-smb.fr\/\" target=\"_blank\" rel=\"noopener noreferrer\"><span style=\"font-family: Arial,Helvetica,sans-serif;\">www.univ-smb.fr<\/span><\/a><\/span><\/p>\n<p>\u00a0<\/p>\n\n\n<div class=\"wp-block-file\"><object class=\"wp-block-file__embed\" data=\"https:\/\/ustl-chambery.fr\/wp-content\/uploads\/2025\/08\/Bulletin_adhesion_2025-2026.pdf\" type=\"application\/pdf\" style=\"width:100%;height:600px\" aria-label=\"Contenu embarqu\u00e9 Bulletin_adhesion_2025-2026.\"><\/object><a id=\"wp-block-file--media-09f150d4-1a74-49df-8f97-39a62c8f52d6\" href=\"https:\/\/ustl-chambery.fr\/wp-content\/uploads\/2025\/08\/Bulletin_adhesion_2025-2026.pdf\">Bulletin_adhesion_2025-2026<\/a><a href=\"https:\/\/ustl-chambery.fr\/wp-content\/uploads\/2025\/08\/Bulletin_adhesion_2025-2026.pdf\" class=\"wp-block-file__button\" download aria-describedby=\"wp-block-file--media-09f150d4-1a74-49df-8f97-39a62c8f52d6\">T\u00e9l\u00e9charger<\/a><\/div>\n\n\n\n<p><\/p>\n","protected":false},"excerpt":{"rendered":"<p>L&rsquo;adh\u00e9sion est obligatoire pour participer aux diff\u00e9rentes activit\u00e9s propos\u00e9es par l&rsquo;USTL (conf\u00e9rences, cours, sorties, voyages). Elle vous permet d&rsquo;assister gratuitement aux conf\u00e9rences du jeudi apr\u00e8s-midi (de 14 h 30 \u00e0 16 h), sans r\u00e9servation pr\u00e9alable. La carte d&rsquo;adh\u00e9rent devra \u00eatre pr\u00e9sent\u00e9e \u00e0 l&rsquo;entr\u00e9e. Les autres activit\u00e9s font l&rsquo;objet d&rsquo;une participation financi\u00e8re et les inscriptions sont &hellip; <\/p>\n<p class=\"link-more\"><a href=\"https:\/\/ustl-chambery.fr\/?page_id=839\" class=\"more-link\">Continuer la lecture<span class=\"screen-reader-text\"> de &laquo;&nbsp;Bulletin d&rsquo;adh\u00e9sion&nbsp;&raquo;<\/span><\/a><\/p>\n","protected":false},"author":1,"featured_media":0,"parent":0,"menu_order":0,"comment_status":"closed","ping_status":"closed","template":"","meta":[],"_links":{"self":[{"href":"https:\/\/ustl-chambery.fr\/index.php?rest_route=\/wp\/v2\/pages\/839"}],"collection":[{"href":"https:\/\/ustl-chambery.fr\/index.php?rest_route=\/wp\/v2\/pages"}],"about":[{"href":"https:\/\/ustl-chambery.fr\/index.php?rest_route=\/wp\/v2\/types\/page"}],"author":[{"embeddable":true,"href":"https:\/\/ustl-chambery.fr\/index.php?rest_route=\/wp\/v2\/users\/1"}],"replies":[{"embeddable":true,"href":"https:\/\/ustl-chambery.fr\/index.php?rest_route=%2Fwp%2Fv2%2Fcomments&post=839"}],"version-history":[{"count":40,"href":"https:\/\/ustl-chambery.fr\/index.php?rest_route=\/wp\/v2\/pages\/839\/revisions"}],"predecessor-version":[{"id":2841,"href":"https:\/\/ustl-chambery.fr\/index.php?rest_route=\/wp\/v2\/pages\/839\/revisions\/2841"}],"wp:attachment":[{"href":"https:\/\/ustl-chambery.fr\/index.php?rest_route=%2Fwp%2Fv2%2Fmedia&parent=839"}],"curies":[{"name":"wp","href":"https:\/\/api.w.org\/{rel}","templated":true}]}}